{"id":740,"date":"2024-09-07T11:52:50","date_gmt":"2024-09-07T11:52:50","guid":{"rendered":"https:\/\/amatuzzi.com\/?page_id=740"},"modified":"2025-06-16T17:55:31","modified_gmt":"2025-06-16T17:55:31","slug":"contato","status":"publish","type":"page","link":"https:\/\/amatuzzi.com\/en\/contato\/","title":{"rendered":"Contact Us"},"content":{"rendered":"<body>\t\t<div data-elementor-type=\"wp-page\" data-elementor-id=\"740\" class=\"elementor elementor-740\" data-elementor-post-type=\"page\">\n\t\t\t\t<div class=\"elementor-element elementor-element-985fe8e e-flex e-con-boxed e-con e-parent\" data-id=\"985fe8e\" data-element_type=\"container\" id=\"fale-conosco\" data-settings='{\"background_background\":\"classic\"}'>\n\t\t\t\t\t<div class=\"e-con-inner\">\n\t\t\t\t\t<\/div>\n\t\t\t\t<\/div>\n\t\t<div class=\"elementor-element elementor-element-3555f44 e-con-full e-flex e-con e-parent\" data-id=\"3555f44\" data-element_type=\"container\">\n\t\t\t\t<div class=\"elementor-element elementor-element-7cdbe6a elementor-widget elementor-widget-heading\" data-id=\"7cdbe6a\" data-element_type=\"widget\" data-widget_type=\"heading.default\">\n\t\t\t\t<div class=\"elementor-widget-container\">\n\t\t\t\t\t<h2 class=\"elementor-heading-title elementor-size-default\">Get in Touch<\/h2>\t\t\t\t<\/div>\n\t\t\t\t<\/div>\n\t\t<div class=\"elementor-element elementor-element-52a102a e-con-full e-flex e-con e-child\" data-id=\"52a102a\" data-element_type=\"container\">\n\t\t\t\t<div class=\"elementor-element elementor-element-5237334 elementor-button-align-end elementor-widget__width-inherit elementor-tablet-button-align-stretch elementor-mobile-button-align-stretch elementor-widget elementor-widget-form\" data-id=\"5237334\" data-element_type=\"widget\" data-settings='{\"step_next_label\":\"Pr\\u00f3ximo\",\"step_previous_label\":\"Anterior\",\"button_width\":\"100\",\"step_type\":\"number_text\",\"step_icon_shape\":\"circle\"}' data-widget_type=\"form.default\">\n\t\t\t\t<div class=\"elementor-widget-container\">\n\t\t\t\t\t\t\t<form class=\"elementor-form\" method=\"post\" name=\"Novo formul\u00e1rio\" aria-label=\"Novo formul\u00e1rio\" action=\"\">\n\t\t\t<input type=\"hidden\" name=\"post_id\" value=\"740\">\n\t\t\t<input type=\"hidden\" name=\"form_id\" value=\"5237334\">\n\t\t\t<input type=\"hidden\" name=\"referer_title\" value=\"Contato\">\n\n\t\t\t\t\t\t\t<input type=\"hidden\" name=\"queried_id\" value=\"740\">\n\t\t\t\n\t\t\t<div class=\"elementor-form-fields-wrapper elementor-labels-\">\n\t\t\t\t\t\t\t\t<div class=\"elementor-field-type-text elementor-field-group elementor-column elementor-field-group-name elementor-col-100\">\n\t\t\t\t\t\t\t\t\t\t\t\t<label for=\"form-field-name\" class=\"elementor-field-label elementor-screen-only\">\n\t\t\t\t\t\t\t\tName\t\t\t\t\t\t\t<\/label>\n\t\t\t\t\t\t\t\t\t\t\t\t\t\t<input size=\"1\" type=\"text\" name=\"form_fields[name]\" id=\"form-field-name\" class=\"elementor-field elementor-size-sm  elementor-field-textual\" placeholder=\"Name and Last name\">\n\t\t\t\t\t\t\t\t\t\t\t<\/div>\n\t\t\t\t\t\t\t\t<div class=\"elementor-field-type-email elementor-field-group elementor-column elementor-field-group-email elementor-col-100 elementor-field-required\">\n\t\t\t\t\t\t\t\t\t\t\t\t<label for=\"form-field-email\" class=\"elementor-field-label elementor-screen-only\">\n\t\t\t\t\t\t\t\tEmail\t\t\t\t\t\t\t<\/label>\n\t\t\t\t\t\t\t\t\t\t\t\t\t\t<input size=\"1\" type=\"email\" name=\"form_fields[email]\" id=\"form-field-email\" class=\"elementor-field elementor-size-sm  elementor-field-textual\" placeholder=\"Email\" required=\"required\">\n\t\t\t\t\t\t\t\t\t\t\t<\/div>\n\t\t\t\t\t\t\t\t<div class=\"elementor-field-type-text elementor-field-group elementor-column elementor-field-group-field_ea8a585 elementor-col-100\">\n\t\t\t\t\t\t\t\t\t\t\t\t<label for=\"form-field-field_ea8a585\" class=\"elementor-field-label elementor-screen-only\">\n\t\t\t\t\t\t\t\tSubject\t\t\t\t\t\t\t<\/label>\n\t\t\t\t\t\t\t\t\t\t\t\t\t\t<input size=\"1\" type=\"text\" name=\"form_fields[field_ea8a585]\" id=\"form-field-field_ea8a585\" class=\"elementor-field elementor-size-sm  elementor-field-textual\" placeholder=\"Subject\">\n\t\t\t\t\t\t\t\t\t\t\t<\/div>\n\t\t\t\t\t\t\t\t<div class=\"elementor-field-type-textarea elementor-field-group elementor-column elementor-field-group-message elementor-col-100\">\n\t\t\t\t\t\t\t\t\t\t\t\t<label for=\"form-field-message\" class=\"elementor-field-label elementor-screen-only\">\n\t\t\t\t\t\t\t\tMessage\t\t\t\t\t\t\t<\/label>\n\t\t\t\t\t\t<textarea class=\"elementor-field-textual elementor-field  elementor-size-sm\" name=\"form_fields[message]\" id=\"form-field-message\" rows=\"12\" placeholder=\"Message\"><\/textarea>\t\t\t\t<\/div>\n\t\t\t\t\t\t\t\t<div class=\"elementor-field-type-recaptcha_v3 elementor-field-group elementor-column elementor-field-group-field_24b1078 elementor-col-100 recaptcha_v3-bottomright\">\n\t\t\t\t\t<div class=\"elementor-field\" id=\"form-field-field_24b1078\"><div class=\"elementor-g-recaptcha\" data-sitekey=\"6LeyDWMrAAAAADq4aVVCEXWDqKeJlLGreFYu-2UV\" data-type=\"v3\" data-action=\"Form\" data-badge=\"bottomright\" data-size=\"invisible\"><\/div><\/div>\t\t\t\t<\/div>\n\t\t\t\t\t\t\t\t<div class=\"elementor-field-group elementor-column elementor-field-type-submit elementor-col-100 e-form__buttons\">\n\t\t\t\t\t<button class=\"elementor-button elementor-size-xs\" type=\"submit\">\n\t\t\t\t\t\t<span class=\"elementor-button-content-wrapper\">\n\t\t\t\t\t\t\t\t\t\t\t\t\t\t\t<span class=\"elementor-button-icon\">\n\t\t\t\t\t\t\t\t\t<svg aria-hidden=\"true\" class=\"e-font-icon-svg e-fas-chevron-right\" viewbox=\"0 0 320 512\" xmlns=\"http:\/\/www.w3.org\/2000\/svg\"><path d=\"M285.476 272.971L91.132 467.314c-9.373 9.373-24.569 9.373-33.941 0l-22.667-22.667c-9.357-9.357-9.375-24.522-.04-33.901L188.505 256 34.484 101.255c-9.335-9.379-9.317-24.544.04-33.901l22.667-22.667c9.373-9.373 24.569-9.373 33.941 0L285.475 239.03c9.373 9.372 9.373 24.568.001 33.941z\"><\/path><\/svg>\t\t\t\t\t\t\t\t\t\t\t\t\t\t\t\t\t<\/span>\n\t\t\t\t\t\t\t\t\t\t\t\t\t\t\t\t\t\t\t\t\t\t<span class=\"elementor-button-text\">Send<\/span>\n\t\t\t\t\t\t\t\t\t\t\t\t\t<\/span>\n\t\t\t\t\t<\/button>\n\t\t\t\t<\/div>\n\t\t\t<\/div>\n\t\t<input type=\"hidden\" name=\"trp-form-language\" value=\"en\"\/><\/form>\n\t\t\t\t\t\t<\/div>\n\t\t\t\t<\/div>\n\t\t<div class=\"elementor-element elementor-element-27084bf e-con-full e-flex e-con e-child\" data-id=\"27084bf\" data-element_type=\"container\">\n\t\t\t\t<div class=\"elementor-element elementor-element-6019769 elementor-widget__width-inherit elementor-hidden-tablet elementor-hidden-mobile elementor-widget elementor-widget-text-editor\" data-id=\"6019769\" data-element_type=\"widget\" data-widget_type=\"text-editor.default\">\n\t\t\t\t<div class=\"elementor-widget-container\">\n\t\t\t\t\t\t\t\t\t<strong>We want to hear from you! Leave us your contact information and how we can help, and we'll get back to you as soon as possible.<\/strong>\t\t\t\t\t\t\t\t<\/div>\n\t\t\t\t<\/div>\n\t\t<div class=\"elementor-element elementor-element-9fc86af e-con-full e-flex e-con e-child\" data-id=\"9fc86af\" data-element_type=\"container\">\n\t\t<div class=\"elementor-element elementor-element-0073e60 e-con-full e-flex e-con e-child\" data-id=\"0073e60\" data-element_type=\"container\">\n\t\t\t\t<div class=\"elementor-element elementor-element-5a98c98 elementor-widget elementor-widget-text-editor\" data-id=\"5a98c98\" data-element_type=\"widget\" data-widget_type=\"text-editor.default\">\n\t\t\t\t<div class=\"elementor-widget-container\">\n\t\t\t\t\t\t\t\t\tR. Joaquim Floriano, 960\t\t\t\t\t\t\t\t<\/div>\n\t\t\t\t<\/div>\n\t\t\t\t<div class=\"elementor-element elementor-element-fc315cc elementor-widget elementor-widget-text-editor\" data-id=\"fc315cc\" data-element_type=\"widget\" data-widget_type=\"text-editor.default\">\n\t\t\t\t<div class=\"elementor-widget-container\">\n\t\t\t\t\t\t\t\t\t9th floor, Conj. 92\t\t\t\t\t\t\t\t<\/div>\n\t\t\t\t<\/div>\n\t\t\t\t<div class=\"elementor-element elementor-element-4bb0f8a elementor-widget elementor-widget-text-editor\" data-id=\"4bb0f8a\" data-element_type=\"widget\" data-widget_type=\"text-editor.default\">\n\t\t\t\t<div class=\"elementor-widget-container\">\n\t\t\t\t\t\t\t\t\tItaim Bibi, S\u00e3o Paulo\t\t\t\t\t\t\t\t<\/div>\n\t\t\t\t<\/div>\n\t\t\t\t<div class=\"elementor-element elementor-element-f2d37f0 elementor-widget elementor-widget-text-editor\" data-id=\"f2d37f0\" data-element_type=\"widget\" data-widget_type=\"text-editor.default\">\n\t\t\t\t<div class=\"elementor-widget-container\">\n\t\t\t\t\t\t\t\t\t04534-004\t\t\t\t\t\t\t\t<\/div>\n\t\t\t\t<\/div>\n\t\t\t\t<\/div>\n\t\t<div class=\"elementor-element elementor-element-9e16ada e-con-full e-flex e-con e-child\" data-id=\"9e16ada\" data-element_type=\"container\">\n\t\t<div class=\"elementor-element elementor-element-db132e8 e-con-full e-flex e-con e-child\" data-id=\"db132e8\" data-element_type=\"container\">\n\t\t\t\t<div class=\"elementor-element elementor-element-5dfd342 elementor-widget elementor-widget-text-editor\" data-id=\"5dfd342\" data-element_type=\"widget\" data-widget_type=\"text-editor.default\">\n\t\t\t\t<div class=\"elementor-widget-container\">\n\t\t\t\t\t\t\t\t\t<a href=\"tel:551147651600\">+55 (11) 4765 1600<\/a>\t\t\t\t\t\t\t\t<\/div>\n\t\t\t\t<\/div>\n\t\t\t\t<div class=\"elementor-element elementor-element-6250f30 elementor-widget elementor-widget-text-editor\" data-id=\"6250f30\" data-element_type=\"widget\" data-widget_type=\"text-editor.default\">\n\t\t\t\t<div class=\"elementor-widget-container\">\n\t\t\t\t\t\t\t\t\t<a href=\"mailto:contato@amatuzzi.com\">contato@amatuzzi.com<\/a>\t\t\t\t\t\t\t\t<\/div>\n\t\t\t\t<\/div>\n\t\t\t\t<\/div>\n\t\t\t\t<\/div>\n\t\t\t\t<\/div>\n\t\t\t\t<div class=\"elementor-element elementor-element-7eb47d6 elementor-widget__width-inherit elementor-widget elementor-widget-google_maps\" data-id=\"7eb47d6\" data-element_type=\"widget\" data-widget_type=\"google_maps.default\">\n\t\t\t\t<div class=\"elementor-widget-container\">\n\t\t\t\t\t\t\t<div class=\"elementor-custom-embed\">\n\t\t\t<iframe loading=\"lazy\" src=\"https:\/\/maps.google.com\/maps?q=R.%20Joaquim%20Floriano%2C%20960%209%20andar%2C%20Conj.%2092%20Itaim%20Bibi%2C%20S%C3%A3o%20Paulo%2004534-004&amp;t=m&amp;z=15&amp;output=embed&amp;iwloc=near\" title=\"R. Joaquim Floriano, 960 9 andar, Conj. 92 Itaim Bibi, S\u00e3o Paulo 04534-004\" aria-label=\"R. Joaquim Floriano, 960 9 andar, Conj. 92 Itaim Bibi, S\u00e3o Paulo 04534-004\"><\/iframe>\n\t\t<\/div>\n\t\t\t\t\t\t<\/div>\n\t\t\t\t<\/div>\n\t\t\t\t<\/div>\n\t\t\t\t<\/div>\n\t\t\t\t<\/div>\n\t\t<div class=\"elementor-element elementor-element-05da9c5 e-flex e-con-boxed e-con e-parent\" data-id=\"05da9c5\" data-element_type=\"container\">\n\t\t\t\t\t<div class=\"e-con-inner\">\n\t\t\t\t<div class=\"elementor-element elementor-element-0f7b901 elementor-widget elementor-widget-menu-anchor\" data-id=\"0f7b901\" data-element_type=\"widget\" data-widget_type=\"menu-anchor.default\">\n\t\t\t\t<div class=\"elementor-widget-container\">\n\t\t\t\t\t\t\t<div class=\"elementor-menu-anchor\" id=\"oportunidades\"><\/div>\n\t\t\t\t\t\t<\/div>\n\t\t\t\t<\/div>\n\t\t\t\t\t<\/div>\n\t\t\t\t<\/div>\n\t\t<div class=\"elementor-element elementor-element-54f5a43 e-con-full e-flex elementor-invisible e-con e-parent\" data-id=\"54f5a43\" data-element_type=\"container\" data-settings='{\"background_background\":\"classic\",\"animation\":\"fadeInUp\"}'>\n\t\t<div class=\"elementor-element elementor-element-0802c1a e-con-full e-flex e-con e-child\" data-id=\"0802c1a\" data-element_type=\"container\">\n\t\t<div class=\"elementor-element elementor-element-f035373 e-con-full elementor-hidden-tablet elementor-hidden-mobile e-flex e-con e-child\" data-id=\"f035373\" data-element_type=\"container\" data-settings='{\"background_background\":\"classic\"}'>\n\t\t\t\t<\/div>\n\t\t<div class=\"elementor-element elementor-element-84da182 e-con-full e-flex e-con e-child\" data-id=\"84da182\" data-element_type=\"container\">\n\t\t<div class=\"elementor-element elementor-element-2ff7cba e-con-full e-flex e-con e-child\" data-id=\"2ff7cba\" data-element_type=\"container\">\n\t\t\t\t<div class=\"elementor-element elementor-element-0ba38f4 elementor-widget__width-inherit elementor-widget elementor-widget-text-editor\" data-id=\"0ba38f4\" data-element_type=\"widget\" data-widget_type=\"text-editor.default\">\n\t\t\t\t<div class=\"elementor-widget-container\">\n\t\t\t\t\t\t\t\t\tJoin us\t\t\t\t\t\t\t\t<\/div>\n\t\t\t\t<\/div>\n\t\t\t\t<div class=\"elementor-element elementor-element-9004076 elementor-widget__width-initial elementor-widget elementor-widget-text-editor\" data-id=\"9004076\" data-element_type=\"widget\" data-widget_type=\"text-editor.default\">\n\t\t\t\t<div class=\"elementor-widget-container\">\n\t\t\t\t\t\t\t\t\tWe strive to value people as the essence of our business, recognizing their talents, individual qualities, and personal and professional experiences.\t\t\t\t\t\t\t\t<\/div>\n\t\t\t\t<\/div>\n\t\t\t\t<div class=\"elementor-element elementor-element-a3b3866 elementor-widget__width-initial elementor-widget elementor-widget-text-editor\" data-id=\"a3b3866\" data-element_type=\"widget\" data-widget_type=\"text-editor.default\">\n\t\t\t\t<div class=\"elementor-widget-container\">\n\t\t\t\t\t\t\t\t\tOur work environment is collaborative, positive, and conducive to creativity, with a focus on exceeding our clients' expectations.\t\t\t\t\t\t\t\t<\/div>\n\t\t\t\t<\/div>\n\t\t\t\t<div class=\"elementor-element elementor-element-817f66e elementor-widget__width-initial elementor-widget elementor-widget-text-editor\" data-id=\"817f66e\" data-element_type=\"widget\" data-widget_type=\"text-editor.default\">\n\t\t\t\t<div class=\"elementor-widget-container\">\n\t\t\t\t\t\t\t\t\tWe are always looking for new talents whose profiles align with our practice and who identify with our values.\t\t\t\t\t\t\t\t<\/div>\n\t\t\t\t<\/div>\n\t\t\t\t<div class=\"elementor-element elementor-element-173feb2 elementor-widget__width-inherit elementor-widget elementor-widget-text-editor\" data-id=\"173feb2\" data-element_type=\"widget\" data-widget_type=\"text-editor.default\">\n\t\t\t\t<div class=\"elementor-widget-container\">\n\t\t\t\t\t\t\t\t\t<span style=\"color: #b53252;\"><strong>If you see yourself in our culture, send your resume to pessoas@amatuzzi.com <a href=\"mailto:pessoas@amatuzzi.com\">pessoas@amatuzzi.com<\/a><\/strong><\/span>\t\t\t\t\t\t\t\t<\/div>\n\t\t\t\t<\/div>\n\t\t\t\t<\/div>\n\t\t\t\t<\/div>\n\t\t\t\t<\/div>\n\t\t\t\t<div class=\"elementor-element elementor-element-23e725a elementor-widget-divider--view-line_text elementor-widget-divider--element-align-center elementor-widget elementor-widget-divider\" data-id=\"23e725a\" data-element_type=\"widget\" data-widget_type=\"divider.default\">\n\t\t\t\t<div class=\"elementor-widget-container\">\n\t\t\t\t\t\t\t<div class=\"elementor-divider\">\n\t\t\t<span class=\"elementor-divider-separator\">\n\t\t\t\t\t\t\t<span class=\"elementor-divider__text elementor-divider__element\">\n\t\t\t\tVagas abertas\t\t\t\t<\/span>\n\t\t\t\t\t\t<\/span>\n\t\t<\/div>\n\t\t\t\t\t\t<\/div>\n\t\t\t\t<\/div>\n\t\t<div class=\"elementor-element elementor-element-7a78cd3 e-con-full e-flex e-con e-child\" data-id=\"7a78cd3\" data-element_type=\"container\">\n\t\t\t\t<div class=\"elementor-element elementor-element-8eda0c0 elementor-grid-3 elementor-grid-tablet-2 elementor-grid-mobile-1 elementor-widget elementor-widget-loop-grid\" data-id=\"8eda0c0\" data-element_type=\"widget\" data-settings='{\"template_id\":\"1321\",\"columns\":3,\"row_gap\":{\"unit\":\"rem\",\"size\":2,\"sizes\":[]},\"row_gap_tablet\":{\"unit\":\"rem\",\"size\":\"\",\"sizes\":[]},\"row_gap_mobile\":{\"unit\":\"rem\",\"size\":\"\",\"sizes\":[]},\"pagination_type\":\"load_more_on_click\",\"load_more_spinner\":{\"value\":\"\",\"library\":\"\"},\"_skin\":\"post\",\"columns_tablet\":\"2\",\"columns_mobile\":\"1\",\"edit_handle_selector\":\"[data-elementor-type=\\\"loop-item\\\"]\"}' data-widget_type=\"loop-grid.post\">\n\t\t\t\t<div class=\"elementor-widget-container\">\n\t\t\t\t\t\t\t<div class=\"e-loop-nothing-found-message\">\n\t\t\t\t\t<div class=\"e-loop-nothing-found-message__text\">\n\t\t\t\tN\u00e3o h\u00e1 vagas dispon\u00edveis no momento!\t\t\t<\/div>\n\t\t\t<\/div>\n\t\t\t\t\t\t<\/div>\n\t\t\t\t<\/div>\n\t\t\t\t<\/div>\n\t\t\t\t<\/div>\n\t\t\t\t<\/div>\n\t\t<\/body>","protected":false},"excerpt":{"rendered":"<p>Fale Conosco Queremos ouvir voc\u00ea! Deixe-nos suas informa\u00e7\u00f5es de contato e como podemos ajudar, e entraremos em contato o mais r\u00e1pido poss\u00edvel.R. Joaquim Floriano, 9609\u00ba andar, Conj. 92Itaim Bibi, S\u00e3o Paulo04534-004+55 (11) 4765 1600contato@amatuzzi.com Junte-se a n\u00f3sBuscamos valorizar as pessoas como a ess\u00eancia do nosso neg\u00f3cio, reconhecendo seus talentos,qualidades individuais e experi\u00eancias pessoais e profissionais.Nosso [&hellip;]<\/p>","protected":false},"author":1,"featured_media":0,"parent":0,"menu_order":0,"comment_status":"closed","ping_status":"closed","template":"elementor_header_footer","meta":{"nf_dc_page":"","footnotes":""},"class_list":["post-740","page","type-page","status-publish","hentry"],"_links":{"self":[{"href":"https:\/\/amatuzzi.com\/en\/wp-json\/wp\/v2\/pages\/740","targetHints":{"allow":["GET"]}}],"collection":[{"href":"https:\/\/amatuzzi.com\/en\/wp-json\/wp\/v2\/pages"}],"about":[{"href":"https:\/\/amatuzzi.com\/en\/wp-json\/wp\/v2\/types\/page"}],"author":[{"embeddable":true,"href":"https:\/\/amatuzzi.com\/en\/wp-json\/wp\/v2\/users\/1"}],"replies":[{"embeddable":true,"href":"https:\/\/amatuzzi.com\/en\/wp-json\/wp\/v2\/comments?post=740"}],"version-history":[{"count":0,"href":"https:\/\/amatuzzi.com\/en\/wp-json\/wp\/v2\/pages\/740\/revisions"}],"wp:attachment":[{"href":"https:\/\/amatuzzi.com\/en\/wp-json\/wp\/v2\/media?parent=740"}],"curies":[{"name":"wp","href":"https:\/\/api.w.org\/{rel}","templated":true}]}}