{"id":38,"date":"2024-09-01T12:48:17","date_gmt":"2024-09-01T12:48:17","guid":{"rendered":"https:\/\/amatuzzi.com\/?page_id=38"},"modified":"2025-08-04T22:35:16","modified_gmt":"2025-08-04T22:35:16","slug":"home","status":"publish","type":"page","link":"https:\/\/amatuzzi.com\/en\/","title":{"rendered":"Home"},"content":{"rendered":"<body>\t\t<div data-elementor-type=\"wp-page\" data-elementor-id=\"38\" class=\"elementor elementor-38\" data-elementor-post-type=\"page\">\n\t\t\t\t<div class=\"elementor-element elementor-element-6f173ec e-con-full elementor-hidden-desktop e-flex e-con e-parent\" data-id=\"6f173ec\" data-element_type=\"container\" id=\"home\" data-settings='{\"background_background\":\"classic\"}'>\n\t\t<div class=\"elementor-element elementor-element-13ef6b6 e-flex e-con-boxed e-con e-child\" data-id=\"13ef6b6\" data-element_type=\"container\">\n\t\t\t\t\t<div class=\"e-con-inner\">\n\t\t\t\t<div class=\"elementor-element elementor-element-0c32264 elementor-widget elementor-widget-image\" data-id=\"0c32264\" data-element_type=\"widget\" data-widget_type=\"image.default\">\n\t\t\t\t<div class=\"elementor-widget-container\">\n\t\t\t\t\t\t\t\t\t\t\t\t\t\t\t<img loading=\"lazy\" decoding=\"async\" width=\"537\" height=\"121\" src=\"https:\/\/amatuzzi.com\/wp-content\/uploads\/2024\/09\/Grupo-27.png\" class=\"attachment-full size-full wp-image-74\" alt=\"\" srcset=\"https:\/\/amatuzzi.com\/wp-content\/uploads\/2024\/09\/Grupo-27.png 537w, https:\/\/amatuzzi.com\/wp-content\/uploads\/2024\/09\/Grupo-27-300x68.png 300w\" sizes=\"auto, (max-width: 537px) 100vw, 537px\">\t\t\t\t\t\t\t\t\t\t\t\t\t\t\t<\/div>\n\t\t\t\t<\/div>\n\t\t\t\t\t<\/div>\n\t\t\t\t<\/div>\n\t\t\t\t<\/div>\n\t\t<div class=\"elementor-element elementor-element-ef67098 e-con-full elementor-hidden-tablet elementor-hidden-mobile e-flex e-con e-parent\" data-id=\"ef67098\" data-element_type=\"container\" data-settings='{\"background_background\":\"video\",\"background_video_link\":\"\\\/wp-content\\\/uploads\\\/2025\\\/04\\\/1Muniz.mp4\"}'>\n\t\t<div class=\"elementor-background-video-container elementor-hidden-mobile\" aria-hidden=\"true\">\n\t\t\t\t\t\t\t<video class=\"elementor-background-video-hosted\" autoplay muted playsinline loop><\/video>\n\t\t\t\t\t<\/div><div class=\"elementor-element elementor-element-0508825 e-flex e-con-boxed e-con e-child\" data-id=\"0508825\" data-element_type=\"container\">\n\t\t\t\t\t<div class=\"e-con-inner\">\n\t\t\t\t<div class=\"elementor-element elementor-element-543b9b7 elementor-widget elementor-widget-image\" data-id=\"543b9b7\" data-element_type=\"widget\" data-widget_type=\"image.default\">\n\t\t\t\t<div class=\"elementor-widget-container\">\n\t\t\t\t\t\t\t\t\t\t\t\t\t\t\t<img loading=\"lazy\" decoding=\"async\" width=\"537\" height=\"121\" src=\"https:\/\/amatuzzi.com\/wp-content\/uploads\/2024\/09\/Grupo-27.png\" class=\"attachment-full size-full wp-image-74\" alt=\"\" srcset=\"https:\/\/amatuzzi.com\/wp-content\/uploads\/2024\/09\/Grupo-27.png 537w, https:\/\/amatuzzi.com\/wp-content\/uploads\/2024\/09\/Grupo-27-300x68.png 300w\" sizes=\"auto, (max-width: 537px) 100vw, 537px\">\t\t\t\t\t\t\t\t\t\t\t\t\t\t\t<\/div>\n\t\t\t\t<\/div>\n\t\t\t\t\t<\/div>\n\t\t\t\t<\/div>\n\t\t\t\t<\/div>\n\t\t<div class=\"elementor-element elementor-element-5223546 e-flex e-con-boxed e-con e-parent\" data-id=\"5223546\" data-element_type=\"container\">\n\t\t\t\t\t<div class=\"e-con-inner\">\n\t\t\t\t<div class=\"elementor-element elementor-element-9be385c elementor-widget elementor-widget-menu-anchor\" data-id=\"9be385c\" data-element_type=\"widget\" data-widget_type=\"menu-anchor.default\">\n\t\t\t\t<div class=\"elementor-widget-container\">\n\t\t\t\t\t\t\t<div class=\"elementor-menu-anchor\" id=\"quem-somos\"><\/div>\n\t\t\t\t\t\t<\/div>\n\t\t\t\t<\/div>\n\t\t\t\t\t<\/div>\n\t\t\t\t<\/div>\n\t\t<div class=\"elementor-element elementor-element-1818856 e-con-full e-flex e-con e-parent\" data-id=\"1818856\" data-element_type=\"container\" data-settings='{\"background_background\":\"classic\"}'>\n\t\t<div class=\"elementor-element elementor-element-8eaa88c e-con-full e-flex e-con e-child\" data-id=\"8eaa88c\" data-element_type=\"container\">\n\t\t<div class=\"elementor-element elementor-element-7bc74dd e-con-full e-flex elementor-invisible e-con e-child\" data-id=\"7bc74dd\" data-element_type=\"container\" data-settings='{\"animation\":\"fadeInLeft\"}'>\n\t\t\t\t<div class=\"elementor-element elementor-element-cc16ffb elementor-widget elementor-widget-video\" data-id=\"cc16ffb\" data-element_type=\"widget\" data-settings='{\"youtube_url\":\"https:\\\/\\\/www.youtube.com\\\/watch?v=Kl2rnugRRNc\",\"autoplay\":\"yes\",\"lazy_load\":\"yes\",\"show_image_overlay\":\"yes\",\"image_overlay\":{\"url\":\"https:\\\/\\\/amatuzzi.com\\\/wp-content\\\/uploads\\\/2025\\\/06\\\/Quem-Somos.png\",\"id\":2372,\"size\":\"\",\"alt\":\"\",\"source\":\"library\"},\"video_type\":\"youtube\"}' data-widget_type=\"video.default\">\n\t\t\t\t<div class=\"elementor-widget-container\">\n\t\t\t\t\t\t\t<div class=\"elementor-wrapper elementor-open-inline\">\n\t\t\t<div class=\"elementor-video\"><\/div>\t\t\t\t<div class=\"elementor-custom-embed-image-overlay\" style=\"background-image: url(https:\/\/amatuzzi.com\/wp-content\/uploads\/2025\/06\/Quem-Somos.png);\">\n\t\t\t\t\t\t\t\t\t\t\t\t\t\t\t\t<div class=\"elementor-custom-embed-play\" role=\"button\" aria-label=\"Play video\" tabindex=\"0\">\n\t\t\t\t\t\t\t<svg aria-hidden=\"true\" class=\"e-font-icon-svg e-eicon-play\" viewbox=\"0 0 1000 1000\" xmlns=\"http:\/\/www.w3.org\/2000\/svg\"><path d=\"M838 162C746 71 633 25 500 25 371 25 258 71 163 162 71 254 25 367 25 500 25 633 71 746 163 837 254 929 367 979 500 979 633 979 746 933 838 837 929 746 975 633 975 500 975 367 929 254 838 162M808 192C892 279 933 379 933 500 933 621 892 725 808 808 725 892 621 938 500 938 379 938 279 896 196 808 113 725 67 621 67 500 67 379 108 279 196 192 279 108 383 62 500 62 621 62 721 108 808 192M438 392V642L642 517 438 392Z\"><\/path><\/svg>\t\t\t\t\t\t<\/div>\n\t\t\t\t\t\t\t\t\t<\/div>\n\t\t\t\t\t<\/div>\n\t\t\t\t\t\t<\/div>\n\t\t\t\t<\/div>\n\t\t\t\t<\/div>\n\t\t<div class=\"elementor-element elementor-element-9752753 e-flex e-con-boxed elementor-invisible e-con e-child\" data-id=\"9752753\" data-element_type=\"container\" data-settings='{\"animation\":\"fadeInRight\"}'>\n\t\t\t\t\t<div class=\"e-con-inner\">\n\t\t<div class=\"elementor-element elementor-element-2f414e4 e-con-full e-flex e-con e-child\" data-id=\"2f414e4\" data-element_type=\"container\">\n\t\t\t\t<div class=\"elementor-element elementor-element-3e312f8 elementor-widget__width-inherit elementor-widget elementor-widget-text-editor\" data-id=\"3e312f8\" data-element_type=\"widget\" data-widget_type=\"text-editor.default\">\n\t\t\t\t<div class=\"elementor-widget-container\">\n\t\t\t\t\t\t\t\t\t<p>About Us<\/p>\t\t\t\t\t\t\t\t<\/div>\n\t\t\t\t<\/div>\n\t\t\t\t<div class=\"elementor-element elementor-element-0e51eea elementor-widget__width-initial elementor-widget elementor-widget-text-editor\" data-id=\"0e51eea\" data-element_type=\"widget\" data-widget_type=\"text-editor.default\">\n\t\t\t\t<div class=\"elementor-widget-container\">\n\t\t\t\t\t\t\t\t\t<p>In an increasingly dynamic world, legal decisions can\u2019t just be correct \u2014 they need to be smart, fast, and aligned with the business.<\/p><p><strong>We're a boutique law firm with Business DNA.<\/strong> We were born with the intention of being different: less formality, more strategy. Less distance, more partnership. Less past, more innovation.<\/p><p>What drives us is transforming legal knowledge and business mindset into tangible advantage for our clients.<\/p><p>That\u2019s why we say we\u2019re more than lawyers. We are the legal partner for those who want to build your businesses with <strong>consistency, strategy, and a forward-looking vision.<\/strong><\/p>\t\t\t\t\t\t\t\t<\/div>\n\t\t\t\t<\/div>\n\t\t\t\t<\/div>\n\t\t\t\t\t<\/div>\n\t\t\t\t<\/div>\n\t\t\t\t<\/div>\n\t\t\t\t<\/div>\n\t\t<div class=\"elementor-element elementor-element-d5e2262 e-flex e-con-boxed e-con e-parent\" data-id=\"d5e2262\" data-element_type=\"container\">\n\t\t\t\t\t<div class=\"e-con-inner\">\n\t\t\t\t<div class=\"elementor-element elementor-element-21dbaed elementor-widget elementor-widget-menu-anchor\" data-id=\"21dbaed\" data-element_type=\"widget\" data-widget_type=\"menu-anchor.default\">\n\t\t\t\t<div class=\"elementor-widget-container\">\n\t\t\t\t\t\t\t<div class=\"elementor-menu-anchor\" id=\"pilares\"><\/div>\n\t\t\t\t\t\t<\/div>\n\t\t\t\t<\/div>\n\t\t\t\t\t<\/div>\n\t\t\t\t<\/div>\n\t\t<div class=\"elementor-element elementor-element-bc0b62a e-con-full e-flex e-con e-parent\" data-id=\"bc0b62a\" data-element_type=\"container\" data-settings='{\"background_background\":\"classic\"}'>\n\t\t<div class=\"elementor-element elementor-element-e54b834 e-con-full e-flex e-con e-child\" data-id=\"e54b834\" data-element_type=\"container\">\n\t\t<div class=\"elementor-element elementor-element-f353dcb e-con-full e-flex elementor-invisible e-con e-child\" data-id=\"f353dcb\" data-element_type=\"container\" data-settings='{\"animation\":\"fadeInLeft\"}'>\n\t\t<div class=\"elementor-element elementor-element-c30ecab e-con-full e-flex e-con e-child\" data-id=\"c30ecab\" data-element_type=\"container\">\n\t\t\t\t<div class=\"elementor-element elementor-element-9a523b5 elementor-widget__width-inherit elementor-widget elementor-widget-text-editor\" data-id=\"9a523b5\" data-element_type=\"widget\" data-widget_type=\"text-editor.default\">\n\t\t\t\t<div class=\"elementor-widget-container\">\n\t\t\t\t\t\t\t\t\t<p>Three Pillars<\/p>\t\t\t\t\t\t\t\t<\/div>\n\t\t\t\t<\/div>\n\t\t\t\t<div class=\"elementor-element elementor-element-f4c0295 elementor-widget__width-initial elementor-widget elementor-widget-text-editor\" data-id=\"f4c0295\" data-element_type=\"widget\" data-widget_type=\"text-editor.default\">\n\t\t\t\t<div class=\"elementor-widget-container\">\n\t\t\t\t\t\t\t\t\t<p>We are a firm with <strong>Business DNA <br><\/strong>A boutique with <strong>international experience.<br><\/strong>A business partner that is <strong>strategic, innovative, and agile.<\/strong><\/p>\t\t\t\t\t\t\t\t<\/div>\n\t\t\t\t<\/div>\n\t\t\t\t<\/div>\n\t\t\t\t<\/div>\n\t\t<div class=\"elementor-element elementor-element-c7c6393 e-con-full e-flex elementor-invisible e-con e-child\" data-id=\"c7c6393\" data-element_type=\"container\" data-settings='{\"animation\":\"fadeInRight\"}'>\n\t\t\t\t<div class=\"elementor-element elementor-element-688d469 elementor-widget elementor-widget-video\" data-id=\"688d469\" data-element_type=\"widget\" data-settings='{\"youtube_url\":\"https:\\\/\\\/www.youtube.com\\\/watch?v=wJm59E5XRm0\",\"autoplay\":\"yes\",\"lazy_load\":\"yes\",\"show_image_overlay\":\"yes\",\"image_overlay\":{\"url\":\"https:\\\/\\\/amatuzzi.com\\\/wp-content\\\/uploads\\\/2025\\\/08\\\/WhatsApp-Image-2025-08-04-at-23.12.04.webp\",\"id\":2911,\"size\":\"\",\"alt\":\"\",\"source\":\"library\"},\"video_type\":\"youtube\"}' data-widget_type=\"video.default\">\n\t\t\t\t<div class=\"elementor-widget-container\">\n\t\t\t\t\t\t\t<div class=\"elementor-wrapper elementor-open-inline\">\n\t\t\t<div class=\"elementor-video\"><\/div>\t\t\t\t<div class=\"elementor-custom-embed-image-overlay\" style=\"background-image: url(https:\/\/amatuzzi.com\/wp-content\/uploads\/2025\/08\/WhatsApp-Image-2025-08-04-at-23.12.04.webp);\">\n\t\t\t\t\t\t\t\t\t\t\t\t\t\t\t\t<div class=\"elementor-custom-embed-play\" role=\"button\" aria-label=\"Play video\" tabindex=\"0\">\n\t\t\t\t\t\t\t<svg aria-hidden=\"true\" class=\"e-font-icon-svg e-eicon-play\" viewbox=\"0 0 1000 1000\" xmlns=\"http:\/\/www.w3.org\/2000\/svg\"><path d=\"M838 162C746 71 633 25 500 25 371 25 258 71 163 162 71 254 25 367 25 500 25 633 71 746 163 837 254 929 367 979 500 979 633 979 746 933 838 837 929 746 975 633 975 500 975 367 929 254 838 162M808 192C892 279 933 379 933 500 933 621 892 725 808 808 725 892 621 938 500 938 379 938 279 896 196 808 113 725 67 621 67 500 67 379 108 279 196 192 279 108 383 62 500 62 621 62 721 108 808 192M438 392V642L642 517 438 392Z\"><\/path><\/svg>\t\t\t\t\t\t<\/div>\n\t\t\t\t\t\t\t\t\t<\/div>\n\t\t\t\t\t<\/div>\n\t\t\t\t\t\t<\/div>\n\t\t\t\t<\/div>\n\t\t\t\t<\/div>\n\t\t\t\t<\/div>\n\t\t\t\t<\/div>\n\t\t<div class=\"elementor-element elementor-element-595aee8 e-flex e-con-boxed e-con e-parent\" data-id=\"595aee8\" data-element_type=\"container\">\n\t\t\t\t\t<div class=\"e-con-inner\">\n\t\t\t\t<div class=\"elementor-element elementor-element-66939a7 elementor-widget elementor-widget-menu-anchor\" data-id=\"66939a7\" data-element_type=\"widget\" data-widget_type=\"menu-anchor.default\">\n\t\t\t\t<div class=\"elementor-widget-container\">\n\t\t\t\t\t\t\t<div class=\"elementor-menu-anchor\" id=\"novidades\"><\/div>\n\t\t\t\t\t\t<\/div>\n\t\t\t\t<\/div>\n\t\t\t\t\t<\/div>\n\t\t\t\t<\/div>\n\t\t<div class=\"elementor-element elementor-element-5e60568 e-con-full e-flex elementor-invisible e-con e-parent\" data-id=\"5e60568\" data-element_type=\"container\" data-settings='{\"background_background\":\"classic\",\"animation\":\"fadeInUp\"}'>\n\t\t\t\t<div class=\"elementor-element elementor-element-ecbb7a4 elementor-widget-mobile__width-inherit elementor-widget elementor-widget-heading\" data-id=\"ecbb7a4\" data-element_type=\"widget\" data-widget_type=\"heading.default\">\n\t\t\t\t<div class=\"elementor-widget-container\">\n\t\t\t\t\t<h2 class=\"elementor-heading-title elementor-size-default\">News<\/h2>\t\t\t\t<\/div>\n\t\t\t\t<\/div>\n\t\t<div class=\"elementor-element elementor-element-489138c e-con-full e-flex e-con e-child\" data-id=\"489138c\" data-element_type=\"container\">\n\t\t\t\t<div class=\"elementor-element elementor-element-9fac6b4 elementor-arrows-position-outside elementor-widget elementor-widget-loop-carousel\" data-id=\"9fac6b4\" data-element_type=\"widget\" data-settings='{\"template_id\":918,\"slides_to_scroll\":\"3\",\"image_spacing_custom\":{\"unit\":\"px\",\"size\":60,\"sizes\":[]},\"_skin\":\"post\",\"slides_to_show\":\"3\",\"slides_to_show_tablet\":\"2\",\"slides_to_show_mobile\":\"1\",\"edit_handle_selector\":\".elementor-loop-container\",\"infinite\":\"yes\",\"speed\":500,\"offset_sides\":\"none\",\"arrows\":\"yes\",\"image_spacing_custom_tablet\":{\"unit\":\"px\",\"size\":\"\",\"sizes\":[]},\"image_spacing_custom_mobile\":{\"unit\":\"px\",\"size\":\"\",\"sizes\":[]}}' data-widget_type=\"loop-carousel.post\">\n\t\t\t\t<div class=\"elementor-widget-container\">\n\t\t\t\t\t\t\t<div class=\"swiper elementor-loop-container elementor-grid\" role=\"list\" dir=\"ltr\">\n\t\t\t\t<div class=\"swiper-wrapper\" aria-live=\"polite\">\n\t\t<style id=\"loop-918\">.elementor-918 .elementor-element.elementor-element-61b0da8{--display:flex;--flex-direction:column;--container-widget-width:calc( ( 1 - var( --container-widget-flex-grow ) ) * 100% );--container-widget-height:initial;--container-widget-flex-grow:0;--container-widget-align-self:initial;--flex-wrap-mobile:wrap;--justify-content:space-evenly;--align-items:center;--gap:0vw 0vw;--row-gap:0vw;--column-gap:0vw;--border-radius:0px 0px 5px 5px;--margin-top:0px;--margin-bottom:0px;--margin-left:0px;--margin-right:0px;--padding-top:0px;--padding-bottom:0px;--padding-left:0px;--padding-right:0px;}.elementor-918 .elementor-element.elementor-element-61b0da8:not(.elementor-motion-effects-element-type-background), .elementor-918 .elementor-element.elementor-element-61b0da8 > .elementor-motion-effects-container > .elementor-motion-effects-layer{background-color:var( --e-global-color-c8e68d5 );}.elementor-widget-theme-post-featured-image .widget-image-caption{color:var( --e-global-color-text );font-family:var( --e-global-typography-text-font-family ), Sans-serif;font-weight:var( --e-global-typography-text-font-weight );}.elementor-918 .elementor-element.elementor-element-8edc223{--display:flex;--min-height:10vh;--flex-direction:column;--container-widget-width:calc( ( 1 - var( --container-widget-flex-grow ) ) * 100% );--container-widget-height:initial;--container-widget-flex-grow:0;--container-widget-align-self:initial;--flex-wrap-mobile:wrap;--justify-content:space-evenly;--align-items:center;--gap:0vw 0vw;--row-gap:0vw;--column-gap:0vw;--border-radius:0px 0px 0px 0px;--margin-top:0px;--margin-bottom:0px;--margin-left:0px;--margin-right:0px;--padding-top:1vw;--padding-bottom:1vw;--padding-left:1vw;--padding-right:1vw;}.elementor-widget-theme-post-title .elementor-heading-title{font-family:var( --e-global-typography-primary-font-family ), Sans-serif;font-size:var( --e-global-typography-primary-font-size );font-weight:var( --e-global-typography-primary-font-weight );color:var( --e-global-color-primary );}.elementor-918 .elementor-element.elementor-element-4a86927 > .elementor-widget-container{margin:0px 0px 0px 0px;padding:0vw 0vw 0vw 0vw;}.elementor-918 .elementor-element.elementor-element-4a86927{text-align:center;}.elementor-918 .elementor-element.elementor-element-4a86927 .elementor-heading-title{font-family:var( --e-global-typography-9169ca7-font-family ), Sans-serif;font-size:var( --e-global-typography-9169ca7-font-size );font-weight:var( --e-global-typography-9169ca7-font-weight );color:var( --e-global-color-text );}@media(max-width:1200px){.elementor-widget-theme-post-title .elementor-heading-title{font-size:var( --e-global-typography-primary-font-size );}.elementor-918 .elementor-element.elementor-element-4a86927 .elementor-heading-title{font-size:var( --e-global-typography-9169ca7-font-size );}}@media(max-width:767px){.elementor-widget-theme-post-title .elementor-heading-title{font-size:var( --e-global-typography-primary-font-size );}.elementor-918 .elementor-element.elementor-element-4a86927 .elementor-heading-title{font-size:var( --e-global-typography-9169ca7-font-size );}}<\/style>\t\t<div data-elementor-type=\"loop-item\" data-elementor-id=\"918\" class=\"elementor elementor-918 swiper-slide e-loop-item e-loop-item-2995 post-2995 post type-post status-publish format-standard has-post-thumbnail hentry category-news\" data-elementor-post-type=\"elementor_library\" role=\"group\" aria-roledescription=\"slide\" data-custom-edit-handle=\"1\">\n\t\t\t<a class=\"elementor-element elementor-element-61b0da8 e-flex e-con-boxed e-con e-parent\" data-id=\"61b0da8\" data-element_type=\"container\" data-settings='{\"background_background\":\"classic\"}' href=\"https:\/\/amatuzzi.com\/en\/news\/bruno-amatuzzi-no-metro-quadrado-a-mp-dos-data-centers-e-o-caminho-para-uma-boa-regulacao\/\">\n\t\t\t\t\t<div class=\"e-con-inner\">\n\t\t\t\t<div class=\"elementor-element elementor-element-837bdcf elementor-widget elementor-widget-theme-post-featured-image elementor-widget-image\" data-id=\"837bdcf\" data-element_type=\"widget\" data-widget_type=\"theme-post-featured-image.default\">\n\t\t\t\t<div class=\"elementor-widget-container\">\n\t\t\t\t\t\t\t\t\t\t\t\t\t\t\t<img decoding=\"async\" src=\"https:\/\/amatuzzi.com\/wp-content\/uploads\/2025\/09\/AMA-0001-25-09_004_V1.webp\" title=\"AMA-0001-25-09_004_V1\" alt=\"AMA-0001-25-09_004_V1\" loading=\"lazy\">\t\t\t\t\t\t\t\t\t\t\t\t\t\t\t<\/div>\n\t\t\t\t<\/div>\n\t\t<div class=\"elementor-element elementor-element-8edc223 e-con-full elementor-hidden-desktop elementor-hidden-tablet elementor-hidden-mobile e-flex e-con e-child\" data-id=\"8edc223\" data-element_type=\"container\">\n\t\t\t\t<div class=\"elementor-element elementor-element-4a86927 elementor-widget elementor-widget-theme-post-title elementor-page-title elementor-widget-heading\" data-id=\"4a86927\" data-element_type=\"widget\" data-widget_type=\"theme-post-title.default\">\n\t\t\t\t<div class=\"elementor-widget-container\">\n\t\t\t\t\t<h1 class=\"elementor-heading-title elementor-size-default\">Bruno Amatuzzi no Metro Quadrado: A MP dos data centers e o caminho para uma boa regula\u00e7\u00e3o<\/h1>\t\t\t\t<\/div>\n\t\t\t\t<\/div>\n\t\t\t\t<\/div>\n\t\t\t\t\t<\/div>\n\t\t\t\t<\/a>\n\t\t\t\t<\/div>\n\t\t\t\t<div data-elementor-type=\"loop-item\" data-elementor-id=\"918\" class=\"elementor elementor-918 swiper-slide e-loop-item e-loop-item-2992 post-2992 post type-post status-publish format-standard has-post-thumbnail hentry category-news\" data-elementor-post-type=\"elementor_library\" role=\"group\" aria-roledescription=\"slide\" data-custom-edit-handle=\"1\">\n\t\t\t<a class=\"elementor-element elementor-element-61b0da8 e-flex e-con-boxed e-con e-parent\" data-id=\"61b0da8\" data-element_type=\"container\" data-settings='{\"background_background\":\"classic\"}' href=\"https:\/\/amatuzzi.com\/en\/news\/gabriela-pacela-no-valor-economico-green-leases-e-as-locacoes-comerciais-tradicionais\/\">\n\t\t\t\t\t<div class=\"e-con-inner\">\n\t\t\t\t<div class=\"elementor-element elementor-element-837bdcf elementor-widget elementor-widget-theme-post-featured-image elementor-widget-image\" data-id=\"837bdcf\" data-element_type=\"widget\" data-widget_type=\"theme-post-featured-image.default\">\n\t\t\t\t<div class=\"elementor-widget-container\">\n\t\t\t\t\t\t\t\t\t\t\t\t\t\t\t<img decoding=\"async\" src=\"https:\/\/amatuzzi.com\/wp-content\/uploads\/2025\/09\/AMA-0001-25-08_009_V1.webp\" title=\"AMA-0001-25-08_009_V1\" alt=\"AMA-0001-25-08_009_V1\" loading=\"lazy\">\t\t\t\t\t\t\t\t\t\t\t\t\t\t\t<\/div>\n\t\t\t\t<\/div>\n\t\t<div class=\"elementor-element elementor-element-8edc223 e-con-full elementor-hidden-desktop elementor-hidden-tablet elementor-hidden-mobile e-flex e-con e-child\" data-id=\"8edc223\" data-element_type=\"container\">\n\t\t\t\t<div class=\"elementor-element elementor-element-4a86927 elementor-widget elementor-widget-theme-post-title elementor-page-title elementor-widget-heading\" data-id=\"4a86927\" data-element_type=\"widget\" data-widget_type=\"theme-post-title.default\">\n\t\t\t\t<div class=\"elementor-widget-container\">\n\t\t\t\t\t<h1 class=\"elementor-heading-title elementor-size-default\">Gabriela Pacela no Valor Economico: Green Leases e as Loca\u00e7\u00f5es Comerciais Tradicionais<\/h1>\t\t\t\t<\/div>\n\t\t\t\t<\/div>\n\t\t\t\t<\/div>\n\t\t\t\t\t<\/div>\n\t\t\t\t<\/a>\n\t\t\t\t<\/div>\n\t\t\t\t<div data-elementor-type=\"loop-item\" data-elementor-id=\"918\" class=\"elementor elementor-918 swiper-slide e-loop-item e-loop-item-2965 post-2965 post type-post status-publish format-standard has-post-thumbnail hentry category-news\" data-elementor-post-type=\"elementor_library\" role=\"group\" aria-roledescription=\"slide\" data-custom-edit-handle=\"1\">\n\t\t\t<a class=\"elementor-element elementor-element-61b0da8 e-flex e-con-boxed e-con e-parent\" data-id=\"61b0da8\" data-element_type=\"container\" data-settings='{\"background_background\":\"classic\"}' href=\"https:\/\/amatuzzi.com\/en\/news\/vanessa-dantas-no-metro-quadrado-uma-janela-de-oportunidade-chamada-senior-living\/\">\n\t\t\t\t\t<div class=\"e-con-inner\">\n\t\t\t\t<div class=\"elementor-element elementor-element-837bdcf elementor-widget elementor-widget-theme-post-featured-image elementor-widget-image\" data-id=\"837bdcf\" data-element_type=\"widget\" data-widget_type=\"theme-post-featured-image.default\">\n\t\t\t\t<div class=\"elementor-widget-container\">\n\t\t\t\t\t\t\t\t\t\t\t\t\t\t\t<img decoding=\"async\" src=\"https:\/\/amatuzzi.com\/wp-content\/uploads\/2025\/08\/AMA-0001-25-08_005_V1-1.webp\" title=\"AMA-0001-25-08_005_V1 (1)\" alt=\"AMA-0001-25-08_005_V1 (1)\" loading=\"lazy\">\t\t\t\t\t\t\t\t\t\t\t\t\t\t\t<\/div>\n\t\t\t\t<\/div>\n\t\t<div class=\"elementor-element elementor-element-8edc223 e-con-full elementor-hidden-desktop elementor-hidden-tablet elementor-hidden-mobile e-flex e-con e-child\" data-id=\"8edc223\" data-element_type=\"container\">\n\t\t\t\t<div class=\"elementor-element elementor-element-4a86927 elementor-widget elementor-widget-theme-post-title elementor-page-title elementor-widget-heading\" data-id=\"4a86927\" data-element_type=\"widget\" data-widget_type=\"theme-post-title.default\">\n\t\t\t\t<div class=\"elementor-widget-container\">\n\t\t\t\t\t<h1 class=\"elementor-heading-title elementor-size-default\">Vanessa Dantas no Metro Quadrado: Uma janela de oportunidade chamada senior living<\/h1>\t\t\t\t<\/div>\n\t\t\t\t<\/div>\n\t\t\t\t<\/div>\n\t\t\t\t\t<\/div>\n\t\t\t\t<\/a>\n\t\t\t\t<\/div>\n\t\t\t\t<\/div>\n\t\t<\/div>\n\t\t\t\t\t<div class=\"elementor-swiper-button elementor-swiper-button-prev\" role=\"button\" tabindex=\"0\" aria-label=\"Previous\">\n\t\t\t\t<svg aria-hidden=\"true\" class=\"e-font-icon-svg e-eicon-chevron-left\" viewbox=\"0 0 1000 1000\" xmlns=\"http:\/\/www.w3.org\/2000\/svg\"><path d=\"M646 125C629 125 613 133 604 142L308 442C296 454 292 471 292 487 292 504 296 521 308 533L604 854C617 867 629 875 646 875 663 875 679 871 692 858 704 846 713 829 713 812 713 796 708 779 692 767L438 487 692 225C700 217 708 204 708 187 708 171 704 154 692 142 675 129 663 125 646 125Z\"><\/path><\/svg>\t\t\t<\/div>\n\t\t\t<div class=\"elementor-swiper-button elementor-swiper-button-next\" role=\"button\" tabindex=\"0\" aria-label=\"Next\">\n\t\t\t\t<svg aria-hidden=\"true\" class=\"e-font-icon-svg e-eicon-chevron-right\" viewbox=\"0 0 1000 1000\" xmlns=\"http:\/\/www.w3.org\/2000\/svg\"><path d=\"M696 533C708 521 713 504 713 487 713 471 708 454 696 446L400 146C388 133 375 125 354 125 338 125 325 129 313 142 300 154 292 171 292 187 292 204 296 221 308 233L563 492 304 771C292 783 288 800 288 817 288 833 296 850 308 863 321 871 338 875 354 875 371 875 388 867 400 854L696 533Z\"><\/path><\/svg>\t\t\t<\/div>\n\t\t\t\t\t\t<\/div>\n\t\t\t\t<\/div>\n\t\t\t\t<\/div>\n\t\t\t\t<\/div>\n\t\t\t\t<\/div>\n\t\t<\/body>","protected":false},"excerpt":{"rendered":"<p>https:\/\/www.youtube.com\/watch?v=Kl2rnugRRNc Quem Somos Em um mundo cada vez mais din\u00e2mico, decis\u00f5es jur\u00eddicas n\u00e3o podem ser apenas corretas \u2014 precisam ser inteligentes, r\u00e1pidas e conectadas ao neg\u00f3cio. Somos um escrit\u00f3rio boutique com DNA de neg\u00f3cios. Nascemos com a inten\u00e7\u00e3o de sermos diferentes: menos formalismo, mais estrat\u00e9gia. Menos dist\u00e2ncia, mais parceria. Menos passado, mais inova\u00e7\u00e3o. O que [&hellip;]<\/p>","protected":false},"author":1,"featured_media":0,"parent":0,"menu_order":0,"comment_status":"closed","ping_status":"closed","template":"elementor_header_footer","meta":{"nf_dc_page":"","footnotes":""},"class_list":["post-38","page","type-page","status-publish","hentry"],"_links":{"self":[{"href":"https:\/\/amatuzzi.com\/en\/wp-json\/wp\/v2\/pages\/38","targetHints":{"allow":["GET"]}}],"collection":[{"href":"https:\/\/amatuzzi.com\/en\/wp-json\/wp\/v2\/pages"}],"about":[{"href":"https:\/\/amatuzzi.com\/en\/wp-json\/wp\/v2\/types\/page"}],"author":[{"embeddable":true,"href":"https:\/\/amatuzzi.com\/en\/wp-json\/wp\/v2\/users\/1"}],"replies":[{"embeddable":true,"href":"https:\/\/amatuzzi.com\/en\/wp-json\/wp\/v2\/comments?post=38"}],"version-history":[{"count":0,"href":"https:\/\/amatuzzi.com\/en\/wp-json\/wp\/v2\/pages\/38\/revisions"}],"wp:attachment":[{"href":"https:\/\/amatuzzi.com\/en\/wp-json\/wp\/v2\/media?parent=38"}],"curies":[{"name":"wp","href":"https:\/\/api.w.org\/{rel}","templated":true}]}}