{"id":200,"date":"2024-09-02T16:15:12","date_gmt":"2024-09-02T16:15:12","guid":{"rendered":"https:\/\/amatuzzi.com\/?page_id=200"},"modified":"2025-08-04T16:54:40","modified_gmt":"2025-08-04T16:54:40","slug":"sobre-nos","status":"publish","type":"page","link":"https:\/\/amatuzzi.com\/en\/sobre-nos\/","title":{"rendered":"About us"},"content":{"rendered":"<body>\t\t<div data-elementor-type=\"wp-page\" data-elementor-id=\"200\" class=\"elementor elementor-200\" data-elementor-post-type=\"page\">\n\t\t\t\t<div class=\"elementor-element elementor-element-d76925c e-flex e-con-boxed e-con e-parent\" data-id=\"d76925c\" data-element_type=\"container\" id=\"areas\" data-settings='{\"background_background\":\"classic\"}'>\n\t\t\t\t\t<div class=\"e-con-inner\">\n\t\t\t\t\t<\/div>\n\t\t\t\t<\/div>\n\t\t<div class=\"elementor-element elementor-element-5357d58 e-con-full e-flex e-con e-parent\" data-id=\"5357d58\" data-element_type=\"container\">\n\t\t\t\t<div class=\"elementor-element elementor-element-4191367 elementor-widget elementor-widget-heading\" data-id=\"4191367\" data-element_type=\"widget\" data-widget_type=\"heading.default\">\n\t\t\t\t<div class=\"elementor-widget-container\">\n\t\t\t\t\t<h2 class=\"elementor-heading-title elementor-size-default\">Practice Areas<\/h2>\t\t\t\t<\/div>\n\t\t\t\t<\/div>\n\t\t<div class=\"elementor-element elementor-element-e073ae4 e-con-full e-flex e-con e-child\" data-id=\"e073ae4\" data-element_type=\"container\">\n\t\t<div class=\"elementor-element elementor-element-3b351c7 e-con-full e-flex elementor-invisible e-con e-child\" data-id=\"3b351c7\" data-element_type=\"container\" data-settings='{\"animation\":\"fadeInLeft\"}'>\n\t\t<div class=\"elementor-element elementor-element-b3a7a8d e-con-full e-flex elementor-invisible e-con e-child\" data-id=\"b3a7a8d\" data-element_type=\"container\" data-settings='{\"animation\":\"fadeInLeft\"}'>\n\t\t\t\t<div class=\"elementor-element elementor-element-ae23c64 elementor-widget elementor-widget-text-editor\" data-id=\"ae23c64\" data-element_type=\"widget\" data-widget_type=\"text-editor.default\">\n\t\t\t\t<div class=\"elementor-widget-container\">\n\t\t\t\t\t\t\t\t\t<p><strong>At the center of everything is the client.<\/strong> We believe in and are guided by this principle. That\u2019s why everything we do \u2014 across all our practice areas \u2014 is driven by the needs and best interests of those who place their trust in us.<\/p>\t\t\t\t\t\t\t\t<\/div>\n\t\t\t\t<\/div>\n\t\t\t\t<div class=\"elementor-element elementor-element-947b1bf elementor-widget elementor-widget-text-editor\" data-id=\"947b1bf\" data-element_type=\"widget\" data-widget_type=\"text-editor.default\">\n\t\t\t\t<div class=\"elementor-widget-container\">\n\t\t\t\t\t\t\t\t\tOur work brings together legal excellence across multiple areas of law, deep knowledge of key economic sectors, and solid international experience. This integration allows us to approach every challenge with a <strong>business- oriented mindset<\/strong> \u2014 strategic, agile, and focused on what truly matters. We operate in a multidisciplinary and collaborative way, with teams that understand the context, anticipate risks, and build tailor-made solutions.\t\t\t\t\t\t\t\t<\/div>\n\t\t\t\t<\/div>\n\t\t\t\t<div class=\"elementor-element elementor-element-030f043 elementor-widget elementor-widget-text-editor\" data-id=\"030f043\" data-element_type=\"widget\" data-widget_type=\"text-editor.default\">\n\t\t\t\t<div class=\"elementor-widget-container\">\n\t\t\t\t\t\t\t\t\tWhen necessary, we also rely on a network of partners in Brazil and abroad, expanding our reach and ability to respond to issues outside our direct scope \u2014 always maintaining the same standard of quality and alignment.\t\t\t\t\t\t\t\t<\/div>\n\t\t\t\t<\/div>\n\t\t\t\t<\/div>\n\t\t\t\t<div class=\"elementor-element elementor-element-230c9f1 elementor-grid-2 elementor-widget-mobile__width-inherit elementor-widget__width-inherit elementor-grid-tablet-2 elementor-grid-mobile-1 elementor-widget elementor-widget-loop-grid\" data-id=\"230c9f1\" data-element_type=\"widget\" data-settings='{\"template_id\":\"1990\",\"columns\":2,\"row_gap\":{\"unit\":\"rem\",\"size\":1,\"sizes\":[]},\"row_gap_tablet\":{\"unit\":\"rem\",\"size\":\"\",\"sizes\":[]},\"row_gap_mobile\":{\"unit\":\"rem\",\"size\":\"\",\"sizes\":[]},\"_skin\":\"post\",\"columns_tablet\":\"2\",\"columns_mobile\":\"1\",\"edit_handle_selector\":\"[data-elementor-type=\\\"loop-item\\\"]\"}' data-widget_type=\"loop-grid.post\">\n\t\t\t\t<div class=\"elementor-widget-container\">\n\t\t\t\t\t\t\t<div class=\"elementor-loop-container elementor-grid\" role=\"list\">\n\t\t<style id=\"loop-1990\">.elementor-1990 .elementor-element.elementor-element-a14718b{--display:flex;--justify-content:center;--align-items:center;--container-widget-width:calc( ( 1 - var( --container-widget-flex-grow ) ) * 100% );--gap:0.2vw 0vw;--row-gap:0.2vw;--column-gap:0vw;--background-transition:0.3s;border-style:solid;--border-style:solid;border-width:3px 3px 3px 3px;--border-top-width:3px;--border-right-width:3px;--border-bottom-width:3px;--border-left-width:3px;border-color:var( --e-global-color-c8e68d5 );--border-color:var( --e-global-color-c8e68d5 );--border-radius:5px 5px 5px 5px;--margin-top:0rem;--margin-bottom:0rem;--margin-left:0rem;--margin-right:0rem;--padding-top:1rem;--padding-bottom:1rem;--padding-left:0.5rem;--padding-right:0.5rem;}.elementor-1990 .elementor-element.elementor-element-a14718b:hover{background-color:var( --e-global-color-c8e68d5 );}.elementor-widget-theme-post-title .elementor-heading-title{font-family:var( --e-global-typography-primary-font-family ), Sans-serif;font-size:var( --e-global-typography-primary-font-size );font-weight:var( --e-global-typography-primary-font-weight );color:var( --e-global-color-primary );}.elementor-1990 .elementor-element.elementor-element-5e2bdcc > .elementor-widget-container{margin:0px 0px 0px 0px;padding:0rem 1rem 0rem 1rem;}.elementor-1990 .elementor-element.elementor-element-5e2bdcc{text-align:center;}.elementor-1990 .elementor-element.elementor-element-5e2bdcc .elementor-heading-title{font-family:var( --e-global-typography-ad5ed8c-font-family ), Sans-serif;font-size:var( --e-global-typography-ad5ed8c-font-size );font-weight:var( --e-global-typography-ad5ed8c-font-weight );text-transform:var( --e-global-typography-ad5ed8c-text-transform );color:var( --e-global-color-text );}@media(max-width:1200px){.elementor-widget-theme-post-title .elementor-heading-title{font-size:var( --e-global-typography-primary-font-size );}.elementor-1990 .elementor-element.elementor-element-5e2bdcc .elementor-heading-title{font-size:var( --e-global-typography-ad5ed8c-font-size );}}@media(max-width:767px){.elementor-widget-theme-post-title .elementor-heading-title{font-size:var( --e-global-typography-primary-font-size );}.elementor-1990 .elementor-element.elementor-element-5e2bdcc .elementor-heading-title{font-size:var( --e-global-typography-ad5ed8c-font-size );}}<\/style>\t\t<div data-elementor-type=\"loop-item\" data-elementor-id=\"1990\" class=\"elementor elementor-1990 e-loop-item e-loop-item-2248 post-2248 post type-post status-publish format-standard has-post-thumbnail hentry category-area\" data-elementor-post-type=\"elementor_library\" data-custom-edit-handle=\"1\">\n\t\t\t<a class=\"elementor-element elementor-element-a14718b e-con-full e-flex e-con e-child\" data-id=\"a14718b\" data-element_type=\"container\" href=\"https:\/\/amatuzzi.com\/en\/area\/societario-e-ma\/\">\n\t\t\t\t<div class=\"elementor-element elementor-element-5e2bdcc elementor-widget elementor-widget-theme-post-title elementor-page-title elementor-widget-heading\" data-id=\"5e2bdcc\" data-element_type=\"widget\" data-widget_type=\"theme-post-title.default\">\n\t\t\t\t<div class=\"elementor-widget-container\">\n\t\t\t\t\t<h1 class=\"elementor-heading-title elementor-size-default\">Corporate and M&amp;A<\/h1>\t\t\t\t<\/div>\n\t\t\t\t<\/div>\n\t\t\t\t<\/a>\n\t\t\t\t<\/div>\n\t\t\t\t<div data-elementor-type=\"loop-item\" data-elementor-id=\"1990\" class=\"elementor elementor-1990 e-loop-item e-loop-item-2111 post-2111 post type-post status-publish format-standard has-post-thumbnail hentry category-area\" data-elementor-post-type=\"elementor_library\" data-custom-edit-handle=\"1\">\n\t\t\t<a class=\"elementor-element elementor-element-a14718b e-con-full e-flex e-con e-child\" data-id=\"a14718b\" data-element_type=\"container\" href=\"https:\/\/amatuzzi.com\/en\/area\/negocios-imobiliarios\/\">\n\t\t\t\t<div class=\"elementor-element elementor-element-5e2bdcc elementor-widget elementor-widget-theme-post-title elementor-page-title elementor-widget-heading\" data-id=\"5e2bdcc\" data-element_type=\"widget\" data-widget_type=\"theme-post-title.default\">\n\t\t\t\t<div class=\"elementor-widget-container\">\n\t\t\t\t\t<h1 class=\"elementor-heading-title elementor-size-default\">Real Estate Transactions<\/h1>\t\t\t\t<\/div>\n\t\t\t\t<\/div>\n\t\t\t\t<\/a>\n\t\t\t\t<\/div>\n\t\t\t\t<div data-elementor-type=\"loop-item\" data-elementor-id=\"1990\" class=\"elementor elementor-1990 e-loop-item e-loop-item-2250 post-2250 post type-post status-publish format-standard has-post-thumbnail hentry category-area\" data-elementor-post-type=\"elementor_library\" data-custom-edit-handle=\"1\">\n\t\t\t<a class=\"elementor-element elementor-element-a14718b e-con-full e-flex e-con e-child\" data-id=\"a14718b\" data-element_type=\"container\" href=\"https:\/\/amatuzzi.com\/en\/area\/construcao\/\">\n\t\t\t\t<div class=\"elementor-element elementor-element-5e2bdcc elementor-widget elementor-widget-theme-post-title elementor-page-title elementor-widget-heading\" data-id=\"5e2bdcc\" data-element_type=\"widget\" data-widget_type=\"theme-post-title.default\">\n\t\t\t\t<div class=\"elementor-widget-container\">\n\t\t\t\t\t<h1 class=\"elementor-heading-title elementor-size-default\">Construction<\/h1>\t\t\t\t<\/div>\n\t\t\t\t<\/div>\n\t\t\t\t<\/a>\n\t\t\t\t<\/div>\n\t\t\t\t<div data-elementor-type=\"loop-item\" data-elementor-id=\"1990\" class=\"elementor elementor-1990 e-loop-item e-loop-item-2010 post-2010 post type-post status-publish format-standard has-post-thumbnail hentry category-area\" data-elementor-post-type=\"elementor_library\" data-custom-edit-handle=\"1\">\n\t\t\t<a class=\"elementor-element elementor-element-a14718b e-con-full e-flex e-con e-child\" data-id=\"a14718b\" data-element_type=\"container\" href=\"https:\/\/amatuzzi.com\/en\/area\/corporate-finance\/\">\n\t\t\t\t<div class=\"elementor-element elementor-element-5e2bdcc elementor-widget elementor-widget-theme-post-title elementor-page-title elementor-widget-heading\" data-id=\"5e2bdcc\" data-element_type=\"widget\" data-widget_type=\"theme-post-title.default\">\n\t\t\t\t<div class=\"elementor-widget-container\">\n\t\t\t\t\t<h1 class=\"elementor-heading-title elementor-size-default\">Corporate Finance<\/h1>\t\t\t\t<\/div>\n\t\t\t\t<\/div>\n\t\t\t\t<\/a>\n\t\t\t\t<\/div>\n\t\t\t\t<div data-elementor-type=\"loop-item\" data-elementor-id=\"1990\" class=\"elementor elementor-1990 e-loop-item e-loop-item-2252 post-2252 post type-post status-publish format-standard has-post-thumbnail hentry category-area\" data-elementor-post-type=\"elementor_library\" data-custom-edit-handle=\"1\">\n\t\t\t<a class=\"elementor-element elementor-element-a14718b e-con-full e-flex e-con e-child\" data-id=\"a14718b\" data-element_type=\"container\" href=\"https:\/\/amatuzzi.com\/en\/area\/mercado-de-capitais\/\">\n\t\t\t\t<div class=\"elementor-element elementor-element-5e2bdcc elementor-widget elementor-widget-theme-post-title elementor-page-title elementor-widget-heading\" data-id=\"5e2bdcc\" data-element_type=\"widget\" data-widget_type=\"theme-post-title.default\">\n\t\t\t\t<div class=\"elementor-widget-container\">\n\t\t\t\t\t<h1 class=\"elementor-heading-title elementor-size-default\">Capital Markets<\/h1>\t\t\t\t<\/div>\n\t\t\t\t<\/div>\n\t\t\t\t<\/a>\n\t\t\t\t<\/div>\n\t\t\t\t<div data-elementor-type=\"loop-item\" data-elementor-id=\"1990\" class=\"elementor elementor-1990 e-loop-item e-loop-item-2026 post-2026 post type-post status-publish format-standard has-post-thumbnail hentry category-area\" data-elementor-post-type=\"elementor_library\" data-custom-edit-handle=\"1\">\n\t\t\t<a class=\"elementor-element elementor-element-a14718b e-con-full e-flex e-con e-child\" data-id=\"a14718b\" data-element_type=\"container\" href=\"https:\/\/amatuzzi.com\/en\/area\/asset-management\/\">\n\t\t\t\t<div class=\"elementor-element elementor-element-5e2bdcc elementor-widget elementor-widget-theme-post-title elementor-page-title elementor-widget-heading\" data-id=\"5e2bdcc\" data-element_type=\"widget\" data-widget_type=\"theme-post-title.default\">\n\t\t\t\t<div class=\"elementor-widget-container\">\n\t\t\t\t\t<h1 class=\"elementor-heading-title elementor-size-default\">Asset Management and Investment Funds<\/h1>\t\t\t\t<\/div>\n\t\t\t\t<\/div>\n\t\t\t\t<\/a>\n\t\t\t\t<\/div>\n\t\t\t\t<div data-elementor-type=\"loop-item\" data-elementor-id=\"1990\" class=\"elementor elementor-1990 e-loop-item e-loop-item-2115 post-2115 post type-post status-publish format-standard has-post-thumbnail hentry category-area\" data-elementor-post-type=\"elementor_library\" data-custom-edit-handle=\"1\">\n\t\t\t<a class=\"elementor-element elementor-element-a14718b e-con-full e-flex e-con e-child\" data-id=\"a14718b\" data-element_type=\"container\" href=\"https:\/\/amatuzzi.com\/en\/area\/distressed-assets-special-situations\/\">\n\t\t\t\t<div class=\"elementor-element elementor-element-5e2bdcc elementor-widget elementor-widget-theme-post-title elementor-page-title elementor-widget-heading\" data-id=\"5e2bdcc\" data-element_type=\"widget\" data-widget_type=\"theme-post-title.default\">\n\t\t\t\t<div class=\"elementor-widget-container\">\n\t\t\t\t\t<h1 class=\"elementor-heading-title elementor-size-default\">Distressed Assets &amp; Special Situations<\/h1>\t\t\t\t<\/div>\n\t\t\t\t<\/div>\n\t\t\t\t<\/a>\n\t\t\t\t<\/div>\n\t\t\t\t<div data-elementor-type=\"loop-item\" data-elementor-id=\"1990\" class=\"elementor elementor-1990 e-loop-item e-loop-item-2122 post-2122 post type-post status-publish format-standard has-post-thumbnail hentry category-area\" data-elementor-post-type=\"elementor_library\" data-custom-edit-handle=\"1\">\n\t\t\t<a class=\"elementor-element elementor-element-a14718b e-con-full e-flex e-con e-child\" data-id=\"a14718b\" data-element_type=\"container\" href=\"https:\/\/amatuzzi.com\/en\/area\/foreign-investment\/\">\n\t\t\t\t<div class=\"elementor-element elementor-element-5e2bdcc elementor-widget elementor-widget-theme-post-title elementor-page-title elementor-widget-heading\" data-id=\"5e2bdcc\" data-element_type=\"widget\" data-widget_type=\"theme-post-title.default\">\n\t\t\t\t<div class=\"elementor-widget-container\">\n\t\t\t\t\t<h1 class=\"elementor-heading-title elementor-size-default\">Foreign Investment<\/h1>\t\t\t\t<\/div>\n\t\t\t\t<\/div>\n\t\t\t\t<\/a>\n\t\t\t\t<\/div>\n\t\t\t\t<div data-elementor-type=\"loop-item\" data-elementor-id=\"1990\" class=\"elementor elementor-1990 e-loop-item e-loop-item-2254 post-2254 post type-post status-publish format-standard hentry category-area\" data-elementor-post-type=\"elementor_library\" data-custom-edit-handle=\"1\">\n\t\t\t<a class=\"elementor-element elementor-element-a14718b e-con-full e-flex e-con e-child\" data-id=\"a14718b\" data-element_type=\"container\" href=\"https:\/\/amatuzzi.com\/en\/area\/innovation\/\">\n\t\t\t\t<div class=\"elementor-element elementor-element-5e2bdcc elementor-widget elementor-widget-theme-post-title elementor-page-title elementor-widget-heading\" data-id=\"5e2bdcc\" data-element_type=\"widget\" data-widget_type=\"theme-post-title.default\">\n\t\t\t\t<div class=\"elementor-widget-container\">\n\t\t\t\t\t<h1 class=\"elementor-heading-title elementor-size-default\">Innovation<\/h1>\t\t\t\t<\/div>\n\t\t\t\t<\/div>\n\t\t\t\t<\/a>\n\t\t\t\t<\/div>\n\t\t\t\t<div data-elementor-type=\"loop-item\" data-elementor-id=\"1990\" class=\"elementor elementor-1990 e-loop-item e-loop-item-2119 post-2119 post type-post status-publish format-standard has-post-thumbnail hentry category-area\" data-elementor-post-type=\"elementor_library\" data-custom-edit-handle=\"1\">\n\t\t\t<a class=\"elementor-element elementor-element-a14718b e-con-full e-flex e-con e-child\" data-id=\"a14718b\" data-element_type=\"container\" href=\"https:\/\/amatuzzi.com\/en\/area\/wealth-management\/\">\n\t\t\t\t<div class=\"elementor-element elementor-element-5e2bdcc elementor-widget elementor-widget-theme-post-title elementor-page-title elementor-widget-heading\" data-id=\"5e2bdcc\" data-element_type=\"widget\" data-widget_type=\"theme-post-title.default\">\n\t\t\t\t<div class=\"elementor-widget-container\">\n\t\t\t\t\t<h1 class=\"elementor-heading-title elementor-size-default\">Wealth Management<\/h1>\t\t\t\t<\/div>\n\t\t\t\t<\/div>\n\t\t\t\t<\/a>\n\t\t\t\t<\/div>\n\t\t\t\t<div data-elementor-type=\"loop-item\" data-elementor-id=\"1990\" class=\"elementor elementor-1990 e-loop-item e-loop-item-2020 post-2020 post type-post status-publish format-standard has-post-thumbnail hentry category-area\" data-elementor-post-type=\"elementor_library\" data-custom-edit-handle=\"1\">\n\t\t\t<a class=\"elementor-element elementor-element-a14718b e-con-full e-flex e-con e-child\" data-id=\"a14718b\" data-element_type=\"container\" href=\"https:\/\/amatuzzi.com\/en\/area\/contratos-complexos\/\">\n\t\t\t\t<div class=\"elementor-element elementor-element-5e2bdcc elementor-widget elementor-widget-theme-post-title elementor-page-title elementor-widget-heading\" data-id=\"5e2bdcc\" data-element_type=\"widget\" data-widget_type=\"theme-post-title.default\">\n\t\t\t\t<div class=\"elementor-widget-container\">\n\t\t\t\t\t<h1 class=\"elementor-heading-title elementor-size-default\">Complex Contracts<\/h1>\t\t\t\t<\/div>\n\t\t\t\t<\/div>\n\t\t\t\t<\/a>\n\t\t\t\t<\/div>\n\t\t\t\t<div data-elementor-type=\"loop-item\" data-elementor-id=\"1990\" class=\"elementor elementor-1990 e-loop-item e-loop-item-2106 post-2106 post type-post status-publish format-standard has-post-thumbnail hentry category-area\" data-elementor-post-type=\"elementor_library\" data-custom-edit-handle=\"1\">\n\t\t\t<a class=\"elementor-element elementor-element-a14718b e-con-full e-flex e-con e-child\" data-id=\"a14718b\" data-element_type=\"container\" href=\"https:\/\/amatuzzi.com\/en\/area\/prevencao-e-resolucao-de-conflitos\/\">\n\t\t\t\t<div class=\"elementor-element elementor-element-5e2bdcc elementor-widget elementor-widget-theme-post-title elementor-page-title elementor-widget-heading\" data-id=\"5e2bdcc\" data-element_type=\"widget\" data-widget_type=\"theme-post-title.default\">\n\t\t\t\t<div class=\"elementor-widget-container\">\n\t\t\t\t\t<h1 class=\"elementor-heading-title elementor-size-default\">Dispute Resolution<\/h1>\t\t\t\t<\/div>\n\t\t\t\t<\/div>\n\t\t\t\t<\/a>\n\t\t\t\t<\/div>\n\t\t\t\t<\/div>\n\t\t\n\t\t\t\t\t\t<\/div>\n\t\t\t\t<\/div>\n\t\t\t\t<\/div>\n\t\t<div class=\"elementor-element elementor-element-96bbfd6 e-con-full e-flex elementor-invisible e-con e-child\" data-id=\"96bbfd6\" data-element_type=\"container\" data-settings='{\"animation\":\"fadeInRight\",\"background_background\":\"classic\"}'>\n\t\t\t\t<\/div>\n\t\t\t\t<\/div>\n\t\t\t\t<\/div>\n\t\t<div class=\"elementor-element elementor-element-1a32264 elementor-hidden-desktop e-flex e-con-boxed e-con e-parent\" data-id=\"1a32264\" data-element_type=\"container\" data-settings='{\"background_background\":\"classic\"}'>\n\t\t\t\t\t<div class=\"e-con-inner\">\n\t\t\t\t\t<\/div>\n\t\t\t\t<\/div>\n\t\t<div class=\"elementor-element elementor-element-25ba0dd e-con-full e-flex e-con e-parent\" data-id=\"25ba0dd\" data-element_type=\"container\" id=\"innovation-lab\" data-settings='{\"background_background\":\"classic\"}'>\n\t\t<div class=\"elementor-element elementor-element-aab6cc8 e-con-full e-flex e-con e-child\" data-id=\"aab6cc8\" data-element_type=\"container\" data-settings='{\"background_background\":\"classic\"}'>\n\t\t<div class=\"elementor-element elementor-element-361ae82 e-con-full e-flex elementor-invisible e-con e-child\" data-id=\"361ae82\" data-element_type=\"container\" data-settings='{\"animation\":\"fadeInLeft\"}'>\n\t\t\t\t<div class=\"elementor-element elementor-element-36768a5 elementor-widget elementor-widget-image\" data-id=\"36768a5\" data-element_type=\"widget\" data-widget_type=\"image.default\">\n\t\t\t\t<div class=\"elementor-widget-container\">\n\t\t\t\t\t\t\t\t\t\t\t\t\t\t\t<img loading=\"lazy\" decoding=\"async\" width=\"219\" height=\"54\" src=\"https:\/\/amatuzzi.com\/wp-content\/uploads\/2024\/09\/Layer-1-1.png\" class=\"attachment-large size-large wp-image-548\" alt=\"\" srcset=\"https:\/\/amatuzzi.com\/wp-content\/uploads\/2024\/09\/Layer-1-1.png 219w, https:\/\/amatuzzi.com\/wp-content\/uploads\/2024\/09\/Layer-1-1-18x4.png 18w\" sizes=\"auto, (max-width: 219px) 100vw, 219px\">\t\t\t\t\t\t\t\t\t\t\t\t\t\t\t<\/div>\n\t\t\t\t<\/div>\n\t\t<div class=\"elementor-element elementor-element-1a847af e-con-full e-flex e-con e-child\" data-id=\"1a847af\" data-element_type=\"container\">\n\t\t\t\t<div class=\"elementor-element elementor-element-6d7e02f elementor-widget elementor-widget-text-editor\" data-id=\"6d7e02f\" data-element_type=\"widget\" data-widget_type=\"text-editor.default\">\n\t\t\t\t<div class=\"elementor-widget-container\">\n\t\t\t\t\t\t\t\t\tOur commitment to innovation has always been central to our work. We were pioneers in launching the <strong>InnovationLab, integrating technology and artificial intelligence into our firm.<\/strong> This innovation hub brings together specialists from various fields to develop multidisciplinary solutions and offer innovative approaches to our clients\u2019 challenges.\t\t\t\t\t\t\t\t<\/div>\n\t\t\t\t<\/div>\n\t\t\t\t<div class=\"elementor-element elementor-element-600b205 elementor-widget elementor-widget-text-editor\" data-id=\"600b205\" data-element_type=\"widget\" data-widget_type=\"text-editor.default\">\n\t\t\t\t<div class=\"elementor-widget-container\">\n\t\t\t\t\t\t\t\t\tIn addition, we support startups in our sectors, collaborating with entrepreneurs, accelerators, and venture capital funds. <strong>The ultimate goal is clear:<\/strong> to drive the innovation ecosystem and provide our clients with distinctive and cutting-edge solutions.\t\t\t\t\t\t\t\t<\/div>\n\t\t\t\t<\/div>\n\t\t\t\t<div class=\"elementor-element elementor-element-84d7649 elementor-widget elementor-widget-text-editor\" data-id=\"84d7649\" data-element_type=\"widget\" data-widget_type=\"text-editor.default\">\n\t\t\t\t<div class=\"elementor-widget-container\">\n\t\t\t\t\t\t\t\t\t<strong>We think differently. We look ahead. We strive to be at the forefront and to turn innovation into concrete solutions. That\u2019s why we are #innovationLab!<\/strong>\t\t\t\t\t\t\t\t<\/div>\n\t\t\t\t<\/div>\n\t\t\t\t<\/div>\n\t\t\t\t<\/div>\n\t\t<div class=\"elementor-element elementor-element-acf73b3 elementor-hidden-tablet elementor-hidden-mobile e-flex e-con-boxed elementor-invisible e-con e-child\" data-id=\"acf73b3\" data-element_type=\"container\" data-settings='{\"background_background\":\"classic\",\"animation\":\"fadeInRight\"}'>\n\t\t\t\t\t<div class=\"e-con-inner\">\n\t\t\t\t\t<\/div>\n\t\t\t\t<\/div>\n\t\t\t\t<\/div>\n\t\t\t\t<\/div>\n\t\t<div class=\"elementor-element elementor-element-52672a6 elementor-hidden-desktop e-flex e-con-boxed e-con e-parent\" data-id=\"52672a6\" data-element_type=\"container\" data-settings='{\"background_background\":\"classic\"}'>\n\t\t\t\t\t<div class=\"e-con-inner\">\n\t\t\t\t\t<\/div>\n\t\t\t\t<\/div>\n\t\t\t\t<\/div>\n\t\t<\/body>","protected":false},"excerpt":{"rendered":"<p>\u00c1reas de Atua\u00e7\u00e3o No centro de tudo est\u00e1 o cliente. Acreditamos e nos pautamos por essa premissa. Por isso, toda a nossa atua\u00e7\u00e3o \u2014 em qualquer de nossas \u00e1reas \u2014 \u00e9 guiada pelas necessidades e pelos melhores interesses de quem confia em n\u00f3s. Nossa entrega combina excel\u00eancia jur\u00eddica em diversas \u00e1reas do Direito, profundo conhecimento [&hellip;]<\/p>","protected":false},"author":1,"featured_media":0,"parent":0,"menu_order":0,"comment_status":"closed","ping_status":"closed","template":"elementor_header_footer","meta":{"nf_dc_page":"","footnotes":""},"class_list":["post-200","page","type-page","status-publish","hentry"],"_links":{"self":[{"href":"https:\/\/amatuzzi.com\/en\/wp-json\/wp\/v2\/pages\/200","targetHints":{"allow":["GET"]}}],"collection":[{"href":"https:\/\/amatuzzi.com\/en\/wp-json\/wp\/v2\/pages"}],"about":[{"href":"https:\/\/amatuzzi.com\/en\/wp-json\/wp\/v2\/types\/page"}],"author":[{"embeddable":true,"href":"https:\/\/amatuzzi.com\/en\/wp-json\/wp\/v2\/users\/1"}],"replies":[{"embeddable":true,"href":"https:\/\/amatuzzi.com\/en\/wp-json\/wp\/v2\/comments?post=200"}],"version-history":[{"count":0,"href":"https:\/\/amatuzzi.com\/en\/wp-json\/wp\/v2\/pages\/200\/revisions"}],"wp:attachment":[{"href":"https:\/\/amatuzzi.com\/en\/wp-json\/wp\/v2\/media?parent=200"}],"curies":[{"name":"wp","href":"https:\/\/api.w.org\/{rel}","templated":true}]}}